{"id":1484,"date":"2026-05-05T13:24:34","date_gmt":"2026-05-05T11:24:34","guid":{"rendered":"https:\/\/www3.marie-couppie.fr\/?page_id=1484"},"modified":"2026-05-05T13:24:34","modified_gmt":"2026-05-05T11:24:34","slug":"vitraux","status":"publish","type":"page","link":"https:\/\/www3.marie-couppie.fr\/?page_id=1484","title":{"rendered":"Vitraux"},"content":{"rendered":"\n<figure class=\"wp-block-gallery has-nested-images columns-3 is-cropped wp-block-gallery-1 is-layout-flex wp-block-gallery-is-layout-flex\">\n<figure class=\"wp-block-image size-large\"><img loading=\"lazy\" decoding=\"async\" width=\"736\" height=\"759\" data-id=\"853\" src=\"https:\/\/www3.marie-couppie.fr\/wp-content\/uploads\/2018\/03\/143-La-plaidoierie-de-Ma\u00eetre-du-Pont-Mars18-P30x30.jpg\" alt=\"143 La plaidoierie de Ma\u00eetre du Pont Mars18 P30x30\" class=\"wp-image-853\" srcset=\"https:\/\/www3.marie-couppie.fr\/wp-content\/uploads\/2018\/03\/143-La-plaidoierie-de-Ma\u00eetre-du-Pont-Mars18-P30x30.jpg 736w, https:\/\/www3.marie-couppie.fr\/wp-content\/uploads\/2018\/03\/143-La-plaidoierie-de-Ma\u00eetre-du-Pont-Mars18-P30x30-291x300.jpg 291w\" sizes=\"auto, (max-width: 736px) 100vw, 736px\" \/><\/figure>\n\n\n\n<figure class=\"wp-block-image size-large\"><img loading=\"lazy\" decoding=\"async\" width=\"1015\" height=\"1024\" data-id=\"852\" src=\"https:\/\/www3.marie-couppie.fr\/wp-content\/uploads\/2018\/03\/142-La-princesse-au-donjon-F\u00e9v18-P30x30-1015x1024.jpg\" alt=\"142 La princesse au donjon F\u00e9v18 P30x30\" class=\"wp-image-852\" srcset=\"https:\/\/www3.marie-couppie.fr\/wp-content\/uploads\/2018\/03\/142-La-princesse-au-donjon-F\u00e9v18-P30x30-1015x1024.jpg 1015w, https:\/\/www3.marie-couppie.fr\/wp-content\/uploads\/2018\/03\/142-La-princesse-au-donjon-F\u00e9v18-P30x30-100x100.jpg 100w, https:\/\/www3.marie-couppie.fr\/wp-content\/uploads\/2018\/03\/142-La-princesse-au-donjon-F\u00e9v18-P30x30-297x300.jpg 297w, https:\/\/www3.marie-couppie.fr\/wp-content\/uploads\/2018\/03\/142-La-princesse-au-donjon-F\u00e9v18-P30x30-768x775.jpg 768w, https:\/\/www3.marie-couppie.fr\/wp-content\/uploads\/2018\/03\/142-La-princesse-au-donjon-F\u00e9v18-P30x30.jpg 1605w\" sizes=\"auto, (max-width: 706px) 89vw, (max-width: 767px) 82vw, 740px\" \/><\/figure>\n\n\n\n<figure class=\"wp-block-image size-large\"><img loading=\"lazy\" decoding=\"async\" width=\"1024\" height=\"994\" data-id=\"851\" src=\"https:\/\/www3.marie-couppie.fr\/wp-content\/uploads\/2018\/03\/141-Marie-Poppins-F\u00e9v18-P30x30-e1522356765353-1024x994.jpg\" alt=\"141 Marie Poppins F\u00e9v18 P30x30\" class=\"wp-image-851\" srcset=\"https:\/\/www3.marie-couppie.fr\/wp-content\/uploads\/2018\/03\/141-Marie-Poppins-F\u00e9v18-P30x30-e1522356765353-1024x994.jpg 1024w, https:\/\/www3.marie-couppie.fr\/wp-content\/uploads\/2018\/03\/141-Marie-Poppins-F\u00e9v18-P30x30-e1522356765353-300x291.jpg 300w, https:\/\/www3.marie-couppie.fr\/wp-content\/uploads\/2018\/03\/141-Marie-Poppins-F\u00e9v18-P30x30-e1522356765353-768x745.jpg 768w, https:\/\/www3.marie-couppie.fr\/wp-content\/uploads\/2018\/03\/141-Marie-Poppins-F\u00e9v18-P30x30-e1522356765353.jpg 1655w\" sizes=\"auto, (max-width: 706px) 89vw, (max-width: 767px) 82vw, 740px\" \/><\/figure>\n\n\n\n<figure class=\"wp-block-image size-large\"><img loading=\"lazy\" decoding=\"async\" width=\"1024\" height=\"979\" data-id=\"850\" src=\"https:\/\/www3.marie-couppie.fr\/wp-content\/uploads\/2018\/03\/140-La-reine-dAngleterre-au-carnaval-de-Venise-F\u00e9v18-P30x30-e1522356816740-1024x979.jpg\" alt=\"140-La Reine d'Angleterre au carnaval de Venise F\u00e9v18 P30x30\" class=\"wp-image-850\" srcset=\"https:\/\/www3.marie-couppie.fr\/wp-content\/uploads\/2018\/03\/140-La-reine-dAngleterre-au-carnaval-de-Venise-F\u00e9v18-P30x30-e1522356816740-1024x979.jpg 1024w, https:\/\/www3.marie-couppie.fr\/wp-content\/uploads\/2018\/03\/140-La-reine-dAngleterre-au-carnaval-de-Venise-F\u00e9v18-P30x30-e1522356816740-300x287.jpg 300w, https:\/\/www3.marie-couppie.fr\/wp-content\/uploads\/2018\/03\/140-La-reine-dAngleterre-au-carnaval-de-Venise-F\u00e9v18-P30x30-e1522356816740-768x734.jpg 768w, https:\/\/www3.marie-couppie.fr\/wp-content\/uploads\/2018\/03\/140-La-reine-dAngleterre-au-carnaval-de-Venise-F\u00e9v18-P30x30-e1522356816740.jpg 1459w\" sizes=\"auto, (max-width: 706px) 89vw, (max-width: 767px) 82vw, 740px\" \/><\/figure>\n\n\n\n<figure class=\"wp-block-image size-large\"><img loading=\"lazy\" decoding=\"async\" width=\"1024\" height=\"1014\" data-id=\"849\" src=\"https:\/\/www3.marie-couppie.fr\/wp-content\/uploads\/2018\/03\/139-Trois-g\u00e9n\u00e9rations-F\u00e9v18-P30x30-1024x1014.jpg\" alt=\"139 Trois g\u00e9n\u00e9rations F\u00e9v18 P30x30\" class=\"wp-image-849\" srcset=\"https:\/\/www3.marie-couppie.fr\/wp-content\/uploads\/2018\/03\/139-Trois-g\u00e9n\u00e9rations-F\u00e9v18-P30x30-1024x1014.jpg 1024w, https:\/\/www3.marie-couppie.fr\/wp-content\/uploads\/2018\/03\/139-Trois-g\u00e9n\u00e9rations-F\u00e9v18-P30x30-100x100.jpg 100w, https:\/\/www3.marie-couppie.fr\/wp-content\/uploads\/2018\/03\/139-Trois-g\u00e9n\u00e9rations-F\u00e9v18-P30x30-300x297.jpg 300w, https:\/\/www3.marie-couppie.fr\/wp-content\/uploads\/2018\/03\/139-Trois-g\u00e9n\u00e9rations-F\u00e9v18-P30x30-768x760.jpg 768w, https:\/\/www3.marie-couppie.fr\/wp-content\/uploads\/2018\/03\/139-Trois-g\u00e9n\u00e9rations-F\u00e9v18-P30x30.jpg 2024w\" sizes=\"auto, (max-width: 706px) 89vw, (max-width: 767px) 82vw, 740px\" \/><\/figure>\n\n\n\n<figure class=\"wp-block-image size-large\"><img loading=\"lazy\" decoding=\"async\" width=\"1024\" height=\"706\" data-id=\"1270\" src=\"https:\/\/www3.marie-couppie.fr\/wp-content\/uploads\/2021\/02\/144-Sc\u00e8ne-de-crime-e1624546897528-1024x706.jpg\" alt=\"144 Sc\u00e8ne de crime\" class=\"wp-image-1270\" srcset=\"https:\/\/www3.marie-couppie.fr\/wp-content\/uploads\/2021\/02\/144-Sc\u00e8ne-de-crime-e1624546897528-1024x706.jpg 1024w, https:\/\/www3.marie-couppie.fr\/wp-content\/uploads\/2021\/02\/144-Sc\u00e8ne-de-crime-e1624546897528-300x207.jpg 300w, https:\/\/www3.marie-couppie.fr\/wp-content\/uploads\/2021\/02\/144-Sc\u00e8ne-de-crime-e1624546897528-768x529.jpg 768w, https:\/\/www3.marie-couppie.fr\/wp-content\/uploads\/2021\/02\/144-Sc\u00e8ne-de-crime-e1624546897528.jpg 1193w\" sizes=\"auto, (max-width: 706px) 89vw, (max-width: 767px) 82vw, 740px\" \/><\/figure>\n\n\n\n<figure class=\"wp-block-image size-large\"><img loading=\"lazy\" decoding=\"async\" width=\"756\" height=\"762\" data-id=\"1269\" src=\"https:\/\/www3.marie-couppie.fr\/wp-content\/uploads\/2021\/02\/Nativit\u00e9-20x20-Cadeau-Fran\u00e7oise-11-12-2019.jpg\" alt=\"Nativit\u00e9 20x20\" class=\"wp-image-1269\" srcset=\"https:\/\/www3.marie-couppie.fr\/wp-content\/uploads\/2021\/02\/Nativit\u00e9-20x20-Cadeau-Fran\u00e7oise-11-12-2019.jpg 756w, https:\/\/www3.marie-couppie.fr\/wp-content\/uploads\/2021\/02\/Nativit\u00e9-20x20-Cadeau-Fran\u00e7oise-11-12-2019-100x100.jpg 100w, https:\/\/www3.marie-couppie.fr\/wp-content\/uploads\/2021\/02\/Nativit\u00e9-20x20-Cadeau-Fran\u00e7oise-11-12-2019-298x300.jpg 298w\" sizes=\"auto, (max-width: 706px) 89vw, (max-width: 767px) 82vw, 740px\" \/><\/figure>\n\n\n\n<figure class=\"wp-block-image size-large\"><img loading=\"lazy\" decoding=\"async\" width=\"784\" height=\"768\" data-id=\"1268\" src=\"https:\/\/www3.marie-couppie.fr\/wp-content\/uploads\/2021\/02\/Maternit\u00e9-20x20-Cadeau-Martine-15-12-2019.jpg\" alt=\"Maternit\u00e9 20x20\" class=\"wp-image-1268\" srcset=\"https:\/\/www3.marie-couppie.fr\/wp-content\/uploads\/2021\/02\/Maternit\u00e9-20x20-Cadeau-Martine-15-12-2019.jpg 784w, https:\/\/www3.marie-couppie.fr\/wp-content\/uploads\/2021\/02\/Maternit\u00e9-20x20-Cadeau-Martine-15-12-2019-300x294.jpg 300w, https:\/\/www3.marie-couppie.fr\/wp-content\/uploads\/2021\/02\/Maternit\u00e9-20x20-Cadeau-Martine-15-12-2019-768x752.jpg 768w\" sizes=\"auto, (max-width: 706px) 89vw, (max-width: 767px) 82vw, 740px\" \/><\/figure>\n\n\n\n<figure class=\"wp-block-image size-large\"><img loading=\"lazy\" decoding=\"async\" width=\"1003\" height=\"1024\" data-id=\"1288\" src=\"https:\/\/www3.marie-couppie.fr\/wp-content\/uploads\/2021\/02\/150-Effroi-devant-Notre-Dame-D\u00e9c-2019-20x20-1003x1024.jpg\" alt=\"150 Effroi devant Notre Dame D\u00e9c 2019 20x20\" class=\"wp-image-1288\" srcset=\"https:\/\/www3.marie-couppie.fr\/wp-content\/uploads\/2021\/02\/150-Effroi-devant-Notre-Dame-D\u00e9c-2019-20x20-1003x1024.jpg 1003w, https:\/\/www3.marie-couppie.fr\/wp-content\/uploads\/2021\/02\/150-Effroi-devant-Notre-Dame-D\u00e9c-2019-20x20-294x300.jpg 294w, https:\/\/www3.marie-couppie.fr\/wp-content\/uploads\/2021\/02\/150-Effroi-devant-Notre-Dame-D\u00e9c-2019-20x20-768x784.jpg 768w, https:\/\/www3.marie-couppie.fr\/wp-content\/uploads\/2021\/02\/150-Effroi-devant-Notre-Dame-D\u00e9c-2019-20x20.jpg 1758w\" sizes=\"auto, (max-width: 706px) 89vw, (max-width: 767px) 82vw, 740px\" \/><\/figure>\n<\/figure>\n","protected":false},"excerpt":{"rendered":"","protected":false},"author":1,"featured_media":0,"parent":0,"menu_order":0,"comment_status":"closed","ping_status":"closed","template":"","meta":{"footnotes":""},"class_list":["post-1484","page","type-page","status-publish","hentry"],"_links":{"self":[{"href":"https:\/\/www3.marie-couppie.fr\/index.php?rest_route=\/wp\/v2\/pages\/1484","targetHints":{"allow":["GET"]}}],"collection":[{"href":"https:\/\/www3.marie-couppie.fr\/index.php?rest_route=\/wp\/v2\/pages"}],"about":[{"href":"https:\/\/www3.marie-couppie.fr\/index.php?rest_route=\/wp\/v2\/types\/page"}],"author":[{"embeddable":true,"href":"https:\/\/www3.marie-couppie.fr\/index.php?rest_route=\/wp\/v2\/users\/1"}],"replies":[{"embeddable":true,"href":"https:\/\/www3.marie-couppie.fr\/index.php?rest_route=%2Fwp%2Fv2%2Fcomments&post=1484"}],"version-history":[{"count":1,"href":"https:\/\/www3.marie-couppie.fr\/index.php?rest_route=\/wp\/v2\/pages\/1484\/revisions"}],"predecessor-version":[{"id":1485,"href":"https:\/\/www3.marie-couppie.fr\/index.php?rest_route=\/wp\/v2\/pages\/1484\/revisions\/1485"}],"wp:attachment":[{"href":"https:\/\/www3.marie-couppie.fr\/index.php?rest_route=%2Fwp%2Fv2%2Fmedia&parent=1484"}],"curies":[{"name":"wp","href":"https:\/\/api.w.org\/{rel}","templated":true}]}}