{"id":1501,"date":"2026-05-05T16:01:32","date_gmt":"2026-05-05T14:01:32","guid":{"rendered":"https:\/\/www3.marie-couppie.fr\/?page_id=1501"},"modified":"2026-05-05T16:01:32","modified_gmt":"2026-05-05T14:01:32","slug":"animaux","status":"publish","type":"page","link":"https:\/\/www3.marie-couppie.fr\/?page_id=1501","title":{"rendered":"Animaux"},"content":{"rendered":"\n<figure class=\"wp-block-gallery has-nested-images columns-3 is-cropped wp-block-gallery-1 is-layout-flex wp-block-gallery-is-layout-flex\">\n<figure class=\"wp-block-image size-large\"><img loading=\"lazy\" decoding=\"async\" width=\"761\" height=\"1024\" data-id=\"765\" src=\"https:\/\/www3.marie-couppie.fr\/wp-content\/uploads\/2018\/03\/10-L\u00e9l\u00e9phant-Cerf-Volant-Oct-2006-2-24x32-Par-ma-fen\u00eatre-2-1-e1523547058808-761x1024.jpg\" alt=\"L'\u00e9l\u00e9phant Cerf-Volant Oct 2006 (2) 24x32 [Par ma fen\u00eatre 2]\" class=\"wp-image-765\" srcset=\"https:\/\/www3.marie-couppie.fr\/wp-content\/uploads\/2018\/03\/10-L\u00e9l\u00e9phant-Cerf-Volant-Oct-2006-2-24x32-Par-ma-fen\u00eatre-2-1-e1523547058808-761x1024.jpg 761w, https:\/\/www3.marie-couppie.fr\/wp-content\/uploads\/2018\/03\/10-L\u00e9l\u00e9phant-Cerf-Volant-Oct-2006-2-24x32-Par-ma-fen\u00eatre-2-1-e1523547058808-223x300.jpg 223w, https:\/\/www3.marie-couppie.fr\/wp-content\/uploads\/2018\/03\/10-L\u00e9l\u00e9phant-Cerf-Volant-Oct-2006-2-24x32-Par-ma-fen\u00eatre-2-1-e1523547058808-768x1033.jpg 768w, https:\/\/www3.marie-couppie.fr\/wp-content\/uploads\/2018\/03\/10-L\u00e9l\u00e9phant-Cerf-Volant-Oct-2006-2-24x32-Par-ma-fen\u00eatre-2-1-e1523547058808.jpg 903w\" sizes=\"auto, (max-width: 706px) 89vw, (max-width: 767px) 82vw, 740px\" \/><\/figure>\n\n\n\n<figure class=\"wp-block-image size-large\"><img loading=\"lazy\" decoding=\"async\" width=\"768\" height=\"1024\" data-id=\"767\" src=\"https:\/\/www3.marie-couppie.fr\/wp-content\/uploads\/2018\/03\/36-Biche-ma-biche-Avr-2010-30x28-1-768x1024.jpg\" alt=\"36 Biche, ma biche Avr 2010 30x28\" class=\"wp-image-767\"\/><\/figure>\n\n\n\n<figure class=\"wp-block-image size-large\"><img loading=\"lazy\" decoding=\"async\" width=\"1024\" height=\"768\" data-id=\"766\" src=\"https:\/\/www3.marie-couppie.fr\/wp-content\/uploads\/2018\/03\/23-Le-h\u00e9ron-de-Francis-17-ao\u00fbt-2008-13x10-1-1024x768.jpg\" alt=\"23 Le h\u00e9ron de Francis 17 ao\u00fbt 2008 13x10\" class=\"wp-image-766\"\/><\/figure>\n\n\n\n<figure class=\"wp-block-image size-large\"><img loading=\"lazy\" decoding=\"async\" width=\"1024\" height=\"729\" data-id=\"762\" src=\"https:\/\/www3.marie-couppie.fr\/wp-content\/uploads\/2018\/03\/27-Le-Toucan-Mars-2009-2-21x29-1024x729.jpg\" alt=\"27 Le Toucan Mars 2009 (2) 21x29\" class=\"wp-image-762\" srcset=\"https:\/\/www3.marie-couppie.fr\/wp-content\/uploads\/2018\/03\/27-Le-Toucan-Mars-2009-2-21x29-1024x729.jpg 1024w, https:\/\/www3.marie-couppie.fr\/wp-content\/uploads\/2018\/03\/27-Le-Toucan-Mars-2009-2-21x29-300x214.jpg 300w, https:\/\/www3.marie-couppie.fr\/wp-content\/uploads\/2018\/03\/27-Le-Toucan-Mars-2009-2-21x29-768x547.jpg 768w\" sizes=\"auto, (max-width: 706px) 89vw, (max-width: 767px) 82vw, 740px\" \/><\/figure>\n\n\n\n<figure class=\"wp-block-image size-large\"><img loading=\"lazy\" decoding=\"async\" width=\"1024\" height=\"692\" data-id=\"722\" src=\"https:\/\/www3.marie-couppie.fr\/wp-content\/uploads\/2018\/03\/26-Aquarel-Mars-2005-14x9-1024x692.jpg\" alt=\"26 Aquarel Mars 2005 14x9\" class=\"wp-image-722\" srcset=\"https:\/\/www3.marie-couppie.fr\/wp-content\/uploads\/2018\/03\/26-Aquarel-Mars-2005-14x9-1024x692.jpg 1024w, https:\/\/www3.marie-couppie.fr\/wp-content\/uploads\/2018\/03\/26-Aquarel-Mars-2005-14x9-300x203.jpg 300w, https:\/\/www3.marie-couppie.fr\/wp-content\/uploads\/2018\/03\/26-Aquarel-Mars-2005-14x9-768x519.jpg 768w\" sizes=\"auto, (max-width: 706px) 89vw, (max-width: 767px) 82vw, 740px\" \/><\/figure>\n\n\n\n<figure class=\"wp-block-image size-large\"><img loading=\"lazy\" decoding=\"async\" width=\"1017\" height=\"1024\" data-id=\"668\" src=\"https:\/\/www3.marie-couppie.fr\/wp-content\/uploads\/2018\/03\/95-Anda-Chica-27-ao\u00fbt-2013-80x80-1017x1024.jpg\" alt=\"95 Anda Chica ! 27 ao\u00fbt 2013 80x80\" class=\"wp-image-668\" srcset=\"https:\/\/www3.marie-couppie.fr\/wp-content\/uploads\/2018\/03\/95-Anda-Chica-27-ao\u00fbt-2013-80x80-1017x1024.jpg 1017w, https:\/\/www3.marie-couppie.fr\/wp-content\/uploads\/2018\/03\/95-Anda-Chica-27-ao\u00fbt-2013-80x80-100x100.jpg 100w, https:\/\/www3.marie-couppie.fr\/wp-content\/uploads\/2018\/03\/95-Anda-Chica-27-ao\u00fbt-2013-80x80-298x300.jpg 298w, https:\/\/www3.marie-couppie.fr\/wp-content\/uploads\/2018\/03\/95-Anda-Chica-27-ao\u00fbt-2013-80x80-768x773.jpg 768w, https:\/\/www3.marie-couppie.fr\/wp-content\/uploads\/2018\/03\/95-Anda-Chica-27-ao\u00fbt-2013-80x80.jpg 1316w\" sizes=\"auto, (max-width: 706px) 89vw, (max-width: 767px) 82vw, 740px\" \/><\/figure>\n\n\n\n<figure class=\"wp-block-image size-large\"><img loading=\"lazy\" decoding=\"async\" width=\"1024\" height=\"716\" data-id=\"652\" src=\"https:\/\/www3.marie-couppie.fr\/wp-content\/uploads\/2018\/03\/122-Toujours-la-m\u00eame-histoire-27x19-H30.06.15-1024x716.jpg\" alt=\"122 Toujours la m\u00eame histoire 27x19 H30.06.15\" class=\"wp-image-652\" srcset=\"https:\/\/www3.marie-couppie.fr\/wp-content\/uploads\/2018\/03\/122-Toujours-la-m\u00eame-histoire-27x19-H30.06.15-1024x716.jpg 1024w, https:\/\/www3.marie-couppie.fr\/wp-content\/uploads\/2018\/03\/122-Toujours-la-m\u00eame-histoire-27x19-H30.06.15-300x210.jpg 300w, https:\/\/www3.marie-couppie.fr\/wp-content\/uploads\/2018\/03\/122-Toujours-la-m\u00eame-histoire-27x19-H30.06.15-768x537.jpg 768w\" sizes=\"auto, (max-width: 706px) 89vw, (max-width: 767px) 82vw, 740px\" \/><\/figure>\n\n\n\n<figure class=\"wp-block-image size-large\"><img loading=\"lazy\" decoding=\"async\" width=\"466\" height=\"662\" data-id=\"714\" src=\"https:\/\/www3.marie-couppie.fr\/wp-content\/uploads\/2018\/03\/51-Le-H\u00e9ron-de-Cerdon-26-mars-2011-35x50-e1523549707825.jpg\" alt=\"51 Le H\u00e9ron de Cerdon 26 mars 2011 35x50\" class=\"wp-image-714\" srcset=\"https:\/\/www3.marie-couppie.fr\/wp-content\/uploads\/2018\/03\/51-Le-H\u00e9ron-de-Cerdon-26-mars-2011-35x50-e1523549707825.jpg 466w, https:\/\/www3.marie-couppie.fr\/wp-content\/uploads\/2018\/03\/51-Le-H\u00e9ron-de-Cerdon-26-mars-2011-35x50-e1523549707825-211x300.jpg 211w\" sizes=\"auto, (max-width: 466px) 100vw, 466px\" \/><\/figure>\n\n\n\n<figure class=\"wp-block-image size-large\"><img loading=\"lazy\" decoding=\"async\" width=\"457\" height=\"373\" data-id=\"738\" src=\"https:\/\/www3.marie-couppie.fr\/wp-content\/uploads\/2018\/03\/44-La-famille-sagrandit-4-oct-2010-13x18-Anniv-Julio.jpg\" alt=\"La famille s'agrandit\" class=\"wp-image-738\" srcset=\"https:\/\/www3.marie-couppie.fr\/wp-content\/uploads\/2018\/03\/44-La-famille-sagrandit-4-oct-2010-13x18-Anniv-Julio.jpg 457w, https:\/\/www3.marie-couppie.fr\/wp-content\/uploads\/2018\/03\/44-La-famille-sagrandit-4-oct-2010-13x18-Anniv-Julio-300x245.jpg 300w\" sizes=\"auto, (max-width: 457px) 100vw, 457px\" \/><\/figure>\n\n\n\n<figure class=\"wp-block-image size-large\"><img loading=\"lazy\" decoding=\"async\" width=\"1024\" height=\"768\" data-id=\"718\" src=\"https:\/\/www3.marie-couppie.fr\/wp-content\/uploads\/2018\/03\/50-La-Corrida-15-mars-2011-20x20-1024x768.jpg\" alt=\"50 La Corrida 15 mars 2011 20x20\" class=\"wp-image-718\" srcset=\"https:\/\/www3.marie-couppie.fr\/wp-content\/uploads\/2018\/03\/50-La-Corrida-15-mars-2011-20x20-1024x768.jpg 1024w, https:\/\/www3.marie-couppie.fr\/wp-content\/uploads\/2018\/03\/50-La-Corrida-15-mars-2011-20x20-300x225.jpg 300w, https:\/\/www3.marie-couppie.fr\/wp-content\/uploads\/2018\/03\/50-La-Corrida-15-mars-2011-20x20-768x576.jpg 768w\" sizes=\"auto, (max-width: 706px) 89vw, (max-width: 767px) 82vw, 740px\" \/><\/figure>\n\n\n\n<figure class=\"wp-block-image size-large\"><img loading=\"lazy\" decoding=\"async\" width=\"1024\" height=\"1016\" data-id=\"697\" src=\"https:\/\/www3.marie-couppie.fr\/wp-content\/uploads\/2018\/03\/65-A-dos-de-bouquetin-poisson-30-oct-2011-15x15-1024x1016.jpg\" alt=\"65 A dos de bouquetin poisson 30 oct 2011 15x15\" class=\"wp-image-697\" srcset=\"https:\/\/www3.marie-couppie.fr\/wp-content\/uploads\/2018\/03\/65-A-dos-de-bouquetin-poisson-30-oct-2011-15x15-1024x1016.jpg 1024w, https:\/\/www3.marie-couppie.fr\/wp-content\/uploads\/2018\/03\/65-A-dos-de-bouquetin-poisson-30-oct-2011-15x15-100x100.jpg 100w, https:\/\/www3.marie-couppie.fr\/wp-content\/uploads\/2018\/03\/65-A-dos-de-bouquetin-poisson-30-oct-2011-15x15-300x298.jpg 300w, https:\/\/www3.marie-couppie.fr\/wp-content\/uploads\/2018\/03\/65-A-dos-de-bouquetin-poisson-30-oct-2011-15x15-768x762.jpg 768w, https:\/\/www3.marie-couppie.fr\/wp-content\/uploads\/2018\/03\/65-A-dos-de-bouquetin-poisson-30-oct-2011-15x15.jpg 1243w\" sizes=\"auto, (max-width: 706px) 89vw, (max-width: 767px) 82vw, 740px\" \/><\/figure>\n\n\n\n<figure class=\"wp-block-image size-large\"><img loading=\"lazy\" decoding=\"async\" width=\"1024\" height=\"733\" data-id=\"663\" src=\"https:\/\/www3.marie-couppie.fr\/wp-content\/uploads\/2018\/03\/105-Laccouchement-de-la-tortue-Mai-2014-40x30-1024x733.jpg\" alt=\"L'accouchement de la tortue Mai 2014 40x30\" class=\"wp-image-663\" srcset=\"https:\/\/www3.marie-couppie.fr\/wp-content\/uploads\/2018\/03\/105-Laccouchement-de-la-tortue-Mai-2014-40x30-1024x733.jpg 1024w, https:\/\/www3.marie-couppie.fr\/wp-content\/uploads\/2018\/03\/105-Laccouchement-de-la-tortue-Mai-2014-40x30-300x215.jpg 300w, https:\/\/www3.marie-couppie.fr\/wp-content\/uploads\/2018\/03\/105-Laccouchement-de-la-tortue-Mai-2014-40x30-768x550.jpg 768w, https:\/\/www3.marie-couppie.fr\/wp-content\/uploads\/2018\/03\/105-Laccouchement-de-la-tortue-Mai-2014-40x30.jpg 1878w\" sizes=\"auto, (max-width: 706px) 89vw, (max-width: 767px) 82vw, 740px\" \/><\/figure>\n\n\n\n<figure class=\"wp-block-image size-large\"><img loading=\"lazy\" decoding=\"async\" width=\"1024\" height=\"726\" data-id=\"731\" src=\"https:\/\/www3.marie-couppie.fr\/wp-content\/uploads\/2018\/03\/48-La-course-janv-2011-40x60-e1523548694191-1024x726.jpg\" alt=\"La course\" class=\"wp-image-731\" srcset=\"https:\/\/www3.marie-couppie.fr\/wp-content\/uploads\/2018\/03\/48-La-course-janv-2011-40x60-e1523548694191-1024x726.jpg 1024w, https:\/\/www3.marie-couppie.fr\/wp-content\/uploads\/2018\/03\/48-La-course-janv-2011-40x60-e1523548694191-300x213.jpg 300w, https:\/\/www3.marie-couppie.fr\/wp-content\/uploads\/2018\/03\/48-La-course-janv-2011-40x60-e1523548694191-768x544.jpg 768w\" sizes=\"auto, (max-width: 706px) 89vw, (max-width: 767px) 82vw, 740px\" \/><\/figure>\n<\/figure>\n","protected":false},"excerpt":{"rendered":"","protected":false},"author":1,"featured_media":0,"parent":0,"menu_order":0,"comment_status":"closed","ping_status":"closed","template":"","meta":{"footnotes":""},"class_list":["post-1501","page","type-page","status-publish","hentry"],"_links":{"self":[{"href":"https:\/\/www3.marie-couppie.fr\/index.php?rest_route=\/wp\/v2\/pages\/1501","targetHints":{"allow":["GET"]}}],"collection":[{"href":"https:\/\/www3.marie-couppie.fr\/index.php?rest_route=\/wp\/v2\/pages"}],"about":[{"href":"https:\/\/www3.marie-couppie.fr\/index.php?rest_route=\/wp\/v2\/types\/page"}],"author":[{"embeddable":true,"href":"https:\/\/www3.marie-couppie.fr\/index.php?rest_route=\/wp\/v2\/users\/1"}],"replies":[{"embeddable":true,"href":"https:\/\/www3.marie-couppie.fr\/index.php?rest_route=%2Fwp%2Fv2%2Fcomments&post=1501"}],"version-history":[{"count":1,"href":"https:\/\/www3.marie-couppie.fr\/index.php?rest_route=\/wp\/v2\/pages\/1501\/revisions"}],"predecessor-version":[{"id":1502,"href":"https:\/\/www3.marie-couppie.fr\/index.php?rest_route=\/wp\/v2\/pages\/1501\/revisions\/1502"}],"wp:attachment":[{"href":"https:\/\/www3.marie-couppie.fr\/index.php?rest_route=%2Fwp%2Fv2%2Fmedia&parent=1501"}],"curies":[{"name":"wp","href":"https:\/\/api.w.org\/{rel}","templated":true}]}}